{"id":26665,"date":"2026-02-18T14:27:58","date_gmt":"2026-02-18T13:27:58","guid":{"rendered":"https:\/\/www.heirsholdings.com\/?page_id=26665"},"modified":"2026-02-20T11:14:51","modified_gmt":"2026-02-20T10:14:51","slug":"perguntas-frequentes","status":"publish","type":"page","link":"https:\/\/www.heirsholdings.com\/pt\/faqs\/","title":{"rendered":"FAQs"},"content":{"rendered":"<div data-elementor-type=\"wp-page\" data-elementor-id=\"26665\" class=\"elementor elementor-26665\" data-elementor-post-type=\"page\">\n\t\t\t\t\t\t<section class=\"elementor-section elementor-top-section elementor-element elementor-element-399848c7 elementor-section-stretched elementor-section-height-min-height elementor-section-items-bottom elementor-section-content-middle inner-header elementor-section-boxed elementor-section-height-default\" data-id=\"399848c7\" data-element_type=\"section\" data-e-type=\"section\" data-settings=\"{&quot;stretch_section&quot;:&quot;section-stretched&quot;,&quot;background_background&quot;:&quot;classic&quot;}\">\n\t\t\t\t\t\t\t<div class=\"elementor-background-overlay\"><\/div>\n\t\t\t\t\t\t\t<div class=\"elementor-container elementor-column-gap-default\">\n\t\t\t\t\t<div class=\"elementor-column elementor-col-100 elementor-top-column elementor-element elementor-element-62389074\" data-id=\"62389074\" data-element_type=\"column\" data-e-type=\"column\">\n\t\t\t<div class=\"elementor-widget-wrap elementor-element-populated\">\n\t\t\t\t\t\t<div class=\"elementor-element elementor-element-72c3eb4a elementor-widget elementor-widget-heading\" data-id=\"72c3eb4a\" data-element_type=\"widget\" data-e-type=\"widget\" data-widget_type=\"heading.default\">\n\t\t\t\t<div class=\"elementor-widget-container\">\n\t\t\t\t\t<h2 class=\"elementor-heading-title elementor-size-default\">FAQs<\/h2>\t\t\t\t<\/div>\n\t\t\t\t<\/div>\n\t\t\t\t\t<\/div>\n\t\t<\/div>\n\t\t\t\t\t<\/div>\n\t\t<\/section>\n\t\t\t\t<section class=\"elementor-section elementor-top-section elementor-element elementor-element-4db66861 elementor-section-stretched elementor-section-boxed elementor-section-height-default elementor-section-height-default elementor-invisible\" data-id=\"4db66861\" data-element_type=\"section\" data-e-type=\"section\" data-settings=\"{&quot;stretch_section&quot;:&quot;section-stretched&quot;,&quot;background_background&quot;:&quot;classic&quot;,&quot;animation&quot;:&quot;fadeInUp&quot;}\">\n\t\t\t\t\t\t<div class=\"elementor-container elementor-column-gap-default\">\n\t\t\t\t\t<div class=\"elementor-column elementor-col-100 elementor-top-column elementor-element elementor-element-564b6b1a\" data-id=\"564b6b1a\" data-element_type=\"column\" data-e-type=\"column\">\n\t\t\t<div class=\"elementor-widget-wrap elementor-element-populated\">\n\t\t\t\t\t\t<div class=\"elementor-element elementor-element-6af58d0a elementor-widget elementor-widget-heading\" data-id=\"6af58d0a\" data-element_type=\"widget\" data-e-type=\"widget\" id=\"hhperson\" data-widget_type=\"heading.default\">\n\t\t\t\t<div class=\"elementor-widget-container\">\n\t\t\t\t\t<h6 class=\"elementor-heading-title elementor-size-default\">Perguntas mais frequentes<\/h6>\t\t\t\t<\/div>\n\t\t\t\t<\/div>\n\t\t\t\t<div class=\"elementor-element elementor-element-4ea2a627 elementor-widget elementor-widget-heading\" data-id=\"4ea2a627\" data-element_type=\"widget\" data-e-type=\"widget\" data-widget_type=\"heading.default\">\n\t\t\t\t<div class=\"elementor-widget-container\">\n\t\t\t\t\t<h2 class=\"elementor-heading-title elementor-size-default\">Saiba mais sobre a Heirs Holdings: <br>o nosso objetivo, os nossos investimentos estrat\u00e9gicos e o nosso empenho em criar empresas duradouras que impulsionem a transforma\u00e7\u00e3o de \u00c1frica.<\/h2>\t\t\t\t<\/div>\n\t\t\t\t<\/div>\n\t\t\t\t\t<\/div>\n\t\t<\/div>\n\t\t\t\t\t<\/div>\n\t\t<\/section>\n\t\t\t\t<section class=\"elementor-section elementor-top-section elementor-element elementor-element-37a9353a elementor-section-stretched elementor-section-boxed elementor-section-height-default elementor-section-height-default elementor-invisible\" data-id=\"37a9353a\" data-element_type=\"section\" data-e-type=\"section\" data-settings=\"{&quot;stretch_section&quot;:&quot;section-stretched&quot;,&quot;background_background&quot;:&quot;classic&quot;,&quot;animation&quot;:&quot;fadeInUp&quot;}\">\n\t\t\t\t\t\t<div class=\"elementor-container elementor-column-gap-default\">\n\t\t\t\t\t<div class=\"elementor-column elementor-col-100 elementor-top-column elementor-element elementor-element-aa2f392\" data-id=\"aa2f392\" data-element_type=\"column\" data-e-type=\"column\">\n\t\t\t<div class=\"elementor-widget-wrap elementor-element-populated\">\n\t\t\t\t\t\t<div class=\"elementor-element elementor-element-faa6919 elementor-hidden-mobile elementor-widget elementor-widget-spacer\" data-id=\"faa6919\" data-element_type=\"widget\" data-e-type=\"widget\" data-widget_type=\"spacer.default\">\n\t\t\t\t<div class=\"elementor-widget-container\">\n\t\t\t\t\t\t\t<div class=\"elementor-spacer\">\n\t\t\t<div class=\"elementor-spacer-inner\"><\/div>\n\t\t<\/div>\n\t\t\t\t\t\t<\/div>\n\t\t\t\t<\/div>\n\t\t\t\t<div class=\"elementor-element elementor-element-f55515f elementor-widget elementor-widget-ucaddon_content_accordion\" data-id=\"f55515f\" data-element_type=\"widget\" data-e-type=\"widget\" data-widget_type=\"ucaddon_content_accordion.default\">\n\t\t\t\t<div class=\"elementor-widget-container\">\n\t\t\t\t\t\n<!-- start Content Accordion -->\n\t\t<link id='font-awesome-css' href='https:\/\/www.heirsholdings.com\/wp-content\/plugins\/unlimited-elements-for-elementor-premium\/assets_libraries\/font-awesome6\/fontawesome-all.min.css' type='text\/css' rel='stylesheet' >\n\t\t<link id='font-awesome-4-shim-css' href='https:\/\/www.heirsholdings.com\/wp-content\/plugins\/unlimited-elements-for-elementor-premium\/assets_libraries\/font-awesome6\/fontawesome-v4-shims.min.css' type='text\/css' rel='stylesheet' >\n\n<style>\/* widget: Content Accordion *\/\n\n\n\n#uc_content_accordion_elementor_f55515f *{\n  box-sizing: border-box;\n}\n\n#uc_content_accordion_elementor_f55515f .ue_heading_title{\n  margin:0;\n  flex-grow:1;\n  display:flex;\n  flex-direction:row;\n}\n\n#uc_content_accordion_elementor_f55515f .uc_container .uc-heading{\n\tdisplay:flex;\n    align-items:center;\n\toverflow:hidden;\n\tcursor:pointer;  \n}\n\n#uc_content_accordion_elementor_f55515f .uc_container .uc_content{\n    display:none;\n}\n\n#uc_content_accordion_elementor_f55515f .uc_container .uc-heading span.ue_accordion_icon{\n\tdisplay:flex;\n    align-items:center;\n   \tjustify-content:center;\n    flex-grow:0;\n    flex-shrink:0;\n}\n\n#uc_content_accordion_elementor_f55515f .uc_ac_box.uc-item-active span.uc_dactive{\n\tdisplay:none;\n}\n\n#uc_content_accordion_elementor_f55515f .uc_ac_box:not(.uc-item-active) span.uc_active{\n\tdisplay:none;\n}\n\n#uc_content_accordion_elementor_f55515f span.ue_accordion_icon svg{\n  height:1em;\n  width:1em;\n}\n\n#uc_content_accordion_elementor_f55515f .uc_container .uc_btn {\n    text-align: center;\n    display: inline-block;\n    text-decoration: none;\n    transition: ease-in-out all 0.25s;\n}\n\n#uc_content_accordion_elementor_f55515f .ue-item-image img{\n  width:100%;\n  display:block;\n  object-fit:cover;\n}\n\n<\/style>\n\n<div class=\"uc_material_accordion\"  id=\"uc_content_accordion_elementor_f55515f\"  data-name=\"\" data-scroll=\"off\" data-offset=\"0\" data-closeothers=\"true\" data-set-hash=\"false\" data-transition-duration=\"400\" >\n  <div class=\"uc_container uc-items-wrapper\">\n    \n\n\t\t\n\n\n<div id=\"#ue-tab1\" class=\"uc_ac_box elementor-repeater-item-9bc0243 uc-item-active\" style=\"background-color:;\">\n  <a href=\"javascript:void(0)\" class=\"uc-heading uc_trigger\" role=\"button\">\n    <span class=\"uc_dactive bbb ue_accordion_icon\"><i class='fas fa-plus'><\/i><\/span> \n    <span class=\"uc_active bbb ue_accordion_icon\"><i class='fas fa-minus'><\/i><\/span>\n    <div class=\"ue_heading_title\">Quem \u00e9 o propriet\u00e1rio da Heirs Holdings?<\/div>\n  <\/a>\n  \n  <div class=\"uc_content\" style='display:block'>\n        \n      \n         \n                        \n      \n              <div class=\"ue-item-text\"><p>A Heirs Holdings \u00e9 uma empresa de investimento privada e familiar fundada e presidida por Tony O. Elumelu, CFR.\u00a0<\/p><\/div>\n      \n          \n    \t  \n              <a href=\"https:\/\/www.heirsholdings.com\/pt\/sobre-nos\/\" class=\"uc_btn uc_more_btn\" >Saiba mais<\/a>\n                        \n      <\/div> \n<\/div>\n\n\n\n\n\n<div id=\"#ue-tab2\" class=\"uc_ac_box elementor-repeater-item-5252411\" style=\"background-color:;\">\n  <a href=\"javascript:void(0)\" class=\"uc-heading uc_trigger\" role=\"button\">\n    <span class=\"uc_dactive bbb ue_accordion_icon\"><i class='fas fa-plus'><\/i><\/span> \n    <span class=\"uc_active bbb ue_accordion_icon\"><i class='fas fa-minus'><\/i><\/span>\n    <div class=\"ue_heading_title\">Qual \u00e9 a carteira de investimentos da Heirs Holdings?<\/div>\n  <\/a>\n  \n  <div class=\"uc_content\" >\n        \n      \n         \n                        \n      \n              <div class=\"ue-item-text\"><p>A Heirs Holdings investe em sectores estrat\u00e9gicos que impulsionam a transforma\u00e7\u00e3o econ\u00f3mica em \u00c1frica, incluindo a Banca, Seguros e Servi\u00e7os Financeiros, Eletricidade, Energia, Imobili\u00e1rio, Hotelaria, Cuidados de Sa\u00fade e Tecnologia.<\/p><\/div>\n      \n          \n    \t  \n              <a href=\"https:\/\/www.heirsholdings.com\/pt\/investimentos\/\" class=\"uc_btn uc_more_btn\" >Saiba mais<\/a>\n                        \n      <\/div> \n<\/div>\n\n\n\n\n\n<div id=\"#ue-tab3\" class=\"uc_ac_box elementor-repeater-item-3c80f1e\" style=\"background-color:;\">\n  <a href=\"javascript:void(0)\" class=\"uc-heading uc_trigger\" role=\"button\">\n    <span class=\"uc_dactive bbb ue_accordion_icon\"><i class='fas fa-plus'><\/i><\/span> \n    <span class=\"uc_active bbb ue_accordion_icon\"><i class='fas fa-minus'><\/i><\/span>\n    <div class=\"ue_heading_title\">Quem \u00e9 o fundador da Heirs Holdings?<\/div>\n  <\/a>\n  \n  <div class=\"uc_content\" >\n        \n      \n         \n                        \n      \n              <div class=\"ue-item-text\"><p>A Heirs Holdings foi fundada por Tony O. Elumelu, CFR, um empres\u00e1rio, investidor e filantropo africano.\u00a0<\/p><\/div>\n      \n          \n    \t  \n              <a href=\"https:\/\/www.heirsholdings.com\/pt\/sobre-nos\/#leadership\" class=\"uc_btn uc_more_btn\" >Saiba mais<\/a>\n                        \n      <\/div> \n<\/div>\n\n\n\n\n\n<div id=\"#ue-tab4\" class=\"uc_ac_box elementor-repeater-item-7ae990a\" style=\"background-color:;\">\n  <a href=\"javascript:void(0)\" class=\"uc-heading uc_trigger\" role=\"button\">\n    <span class=\"uc_dactive bbb ue_accordion_icon\"><i class='fas fa-plus'><\/i><\/span> \n    <span class=\"uc_active bbb ue_accordion_icon\"><i class='fas fa-minus'><\/i><\/span>\n    <div class=\"ue_heading_title\">O que \u00e9 o Africapitalismo?<\/div>\n  <\/a>\n  \n  <div class=\"uc_content\" >\n        \n      \n         \n                        \n      \n              <div class=\"ue-item-text\"><p>A filosofia de investimento do Heirs Holdings Group \u00e9 orientada pelo Africapitalismo - a convic\u00e7\u00e3o de que o sector privado deve desempenhar um papel de lideran\u00e7a no desenvolvimento de \u00c1frica atrav\u00e9s de investimentos a longo prazo que criem valor econ\u00f3mico e social.<\/p><\/div>\n      \n          \n    \t  \n              <a href=\"https:\/\/www.heirsholdings.com\/pt\/africapitalismo\/\" class=\"uc_btn uc_more_btn\" >Saiba mais<\/a>\n                        \n      <\/div> \n<\/div>\n\n\n\n\n\n<div id=\"#ue-tab5\" class=\"uc_ac_box elementor-repeater-item-e76f537\" style=\"background-color:;\">\n  <a href=\"javascript:void(0)\" class=\"uc-heading uc_trigger\" role=\"button\">\n    <span class=\"uc_dactive bbb ue_accordion_icon\"><i class='fas fa-plus'><\/i><\/span> \n    <span class=\"uc_active bbb ue_accordion_icon\"><i class='fas fa-minus'><\/i><\/span>\n    <div class=\"ue_heading_title\">Quais s\u00e3o as empresas de investimento da carteira da Heirs Holdings?<\/div>\n  <\/a>\n  \n  <div class=\"uc_content\" >\n        \n      \n         \n                        \n      \n              <div class=\"ue-item-text\"><p>Os investimentos da Heirs Holdings abrangem:<\/p><p>\u00a0 - Banca - United Bank for Africa<\/p><p>\u00a0 - Servi\u00e7os financeiros e de seguros - incluindo o Heirs Insurance Group (Heirs Insurance, Heirs Life Assurance e Heirs Insurance Brokers), a Africa Prudential Plc e a United Capital Plc<\/p><p>\u00a0 - Eletricidade - Transcorp Power Plc e Transafam Power<\/p><p>\u00a0 - Energia -Heirs Energies, Transcorp Energy e Tenoil<\/p><p>\u00a0 - Hotelaria e Imobili\u00e1rio - Transcorp Hotels Plc e Afriland Properties Plc<\/p><p>\u00a0 - Cuidados de sa\u00fade - Avon HMO e Avon Medical Practice<\/p><p>\u00a0 - Tecnologia - Heirs Technologies e Redtech<\/p><p>O Grupo tamb\u00e9m apoia iniciativas de empreendedorismo e de impacto atrav\u00e9s da Funda\u00e7\u00e3o Tony Elumelu.<\/p><\/div>\n      \n          \n    \t  \n              <a href=\"https:\/\/www.heirsholdings.com\/pt\/investimentos\/\" class=\"uc_btn uc_more_btn\" >Saiba mais<\/a>\n                        \n      <\/div> \n<\/div>\n\n\n\n\n\n<div id=\"#ue-tab6\" class=\"uc_ac_box elementor-repeater-item-0c901cb\" style=\"background-color:;\">\n  <a href=\"javascript:void(0)\" class=\"uc-heading uc_trigger\" role=\"button\">\n    <span class=\"uc_dactive bbb ue_accordion_icon\"><i class='fas fa-plus'><\/i><\/span> \n    <span class=\"uc_active bbb ue_accordion_icon\"><i class='fas fa-minus'><\/i><\/span>\n    <div class=\"ue_heading_title\">O UBA faz parte da Heirs Holdings?<\/div>\n  <\/a>\n  \n  <div class=\"uc_content\" >\n        \n      \n         \n                        \n      \n              <div class=\"ue-item-text\"><p>O United Bank for Africa (UBA) \u00e9 uma empresa participada pela Heirs Holdings. No entanto, o UBA \u00e9 uma institui\u00e7\u00e3o financeira cotada na bolsa que opera de forma independente.<\/p><\/div>\n      \n          \n    \t  \n              <a href=\"https:\/\/www.heirsholdings.com\/pt\/investimentos\/#financial\" class=\"uc_btn uc_more_btn\" >Saiba mais<\/a>\n                        \n      <\/div> \n<\/div>\n\n\n\n\n\n<div id=\"#ue-tab7\" class=\"uc_ac_box elementor-repeater-item-cc984ef\" style=\"background-color:;\">\n  <a href=\"javascript:void(0)\" class=\"uc-heading uc_trigger\" role=\"button\">\n    <span class=\"uc_dactive bbb ue_accordion_icon\"><i class='fas fa-plus'><\/i><\/span> \n    <span class=\"uc_active bbb ue_accordion_icon\"><i class='fas fa-minus'><\/i><\/span>\n    <div class=\"ue_heading_title\">Quem \u00e9 o Diretor Executivo do Heirs Holdings Group?<\/div>\n  <\/a>\n  \n  <div class=\"uc_content\" >\n        \n      \n         \n                        \n      \n              <div class=\"ue-item-text\"><p>O diretor executivo da Heirs Holdings \u00e9 Emmanuel Nnorom.\u00a0<\/p><\/div>\n      \n          \n    \t  \n              <a href=\"https:\/\/www.heirsholdings.com\/pt\/sobre-nos\/#leadership\" class=\"uc_btn uc_more_btn\" >Saiba mais<\/a>\n                        \n      <\/div> \n<\/div>\n\n\n\n\n\n<div id=\"#ue-tab8\" class=\"uc_ac_box elementor-repeater-item-8c597cd\" style=\"background-color:;\">\n  <a href=\"javascript:void(0)\" class=\"uc-heading uc_trigger\" role=\"button\">\n    <span class=\"uc_dactive bbb ue_accordion_icon\"><i class='fas fa-plus'><\/i><\/span> \n    <span class=\"uc_active bbb ue_accordion_icon\"><i class='fas fa-minus'><\/i><\/span>\n    <div class=\"ue_heading_title\">Onde est\u00e1 localizada a Heirs Holdings?<\/div>\n  <\/a>\n  \n  <div class=\"uc_content\" >\n        \n      \n         \n                        \n      \n              <div class=\"ue-item-text\"><p>A Heirs Holdings tem sede em Lagos, na Nig\u00e9ria, com investimentos e opera\u00e7\u00f5es em toda a \u00c1frica.<\/p><\/div>\n      \n          \n    \t  \n              <a href=\"https:\/\/www.heirsholdings.com\/pt\/contato\/\" class=\"uc_btn uc_more_btn\" >Saiba mais<\/a>\n                        \n      <\/div> \n<\/div>\n\n  <\/div>\n<\/div>\n<!-- end Content Accordion -->\t\t\t\t<\/div>\n\t\t\t\t<\/div>\n\t\t\t\t\t<\/div>\n\t\t<\/div>\n\t\t\t\t\t<\/div>\n\t\t<\/section>\n\t\t\t\t<\/div>","protected":false},"excerpt":{"rendered":"<p>FAQs Frequently asked questions Learn more about Heirs Holdings: our purpose, our strategic investments, and our commitment to building enduring businesses that drive Africa\u2019s transformation. Who owns Heirs Holdings? Heirs Holdings is a private, family-owned investment company founded and chaired by Tony O. Elumelu, CFR.\u00a0 Learn More What is Heirs Holdings&#8217; investment portfolio? Heirs Holdings &hellip;<\/p>","protected":false},"author":17,"featured_media":0,"parent":0,"menu_order":0,"comment_status":"closed","ping_status":"closed","template":"","meta":{"_exactmetrics_skip_tracking":false,"_exactmetrics_sitenote_active":false,"_exactmetrics_sitenote_note":"","_exactmetrics_sitenote_category":0,"cybocfi_hide_featured_image":"","footnotes":""},"class_list":["post-26665","page","type-page","status-publish","hentry"],"_links":{"self":[{"href":"https:\/\/www.heirsholdings.com\/pt\/wp-json\/wp\/v2\/pages\/26665","targetHints":{"allow":["GET"]}}],"collection":[{"href":"https:\/\/www.heirsholdings.com\/pt\/wp-json\/wp\/v2\/pages"}],"about":[{"href":"https:\/\/www.heirsholdings.com\/pt\/wp-json\/wp\/v2\/types\/page"}],"author":[{"embeddable":true,"href":"https:\/\/www.heirsholdings.com\/pt\/wp-json\/wp\/v2\/users\/17"}],"replies":[{"embeddable":true,"href":"https:\/\/www.heirsholdings.com\/pt\/wp-json\/wp\/v2\/comments?post=26665"}],"version-history":[{"count":41,"href":"https:\/\/www.heirsholdings.com\/pt\/wp-json\/wp\/v2\/pages\/26665\/revisions"}],"predecessor-version":[{"id":26742,"href":"https:\/\/www.heirsholdings.com\/pt\/wp-json\/wp\/v2\/pages\/26665\/revisions\/26742"}],"wp:attachment":[{"href":"https:\/\/www.heirsholdings.com\/pt\/wp-json\/wp\/v2\/media?parent=26665"}],"curies":[{"name":"wp","href":"https:\/\/api.w.org\/{rel}","templated":true}]}}