{"id":25904,"date":"2025-06-13T11:11:17","date_gmt":"2025-06-13T10:11:17","guid":{"rendered":"https:\/\/www.heirsholdings.com\/?page_id=25904"},"modified":"2025-10-27T16:42:24","modified_gmt":"2025-10-27T15:42:24","slug":"canto-do-presidente","status":"publish","type":"page","link":"https:\/\/www.heirsholdings.com\/pt\/chairmans-corner\/","title":{"rendered":"Canto do Presidente"},"content":{"rendered":"<div data-elementor-type=\"wp-page\" data-elementor-id=\"25904\" class=\"elementor elementor-25904\" data-elementor-post-type=\"page\">\n\t\t\t\t\t\t<section class=\"elementor-section elementor-top-section elementor-element elementor-element-429f83b elementor-section-stretched elementor-section-height-min-height elementor-section-items-bottom elementor-section-content-middle inner-header elementor-section-boxed elementor-section-height-default\" data-id=\"429f83b\" data-element_type=\"section\" data-e-type=\"section\" data-settings=\"{&quot;stretch_section&quot;:&quot;section-stretched&quot;,&quot;background_background&quot;:&quot;classic&quot;}\">\n\t\t\t\t\t\t\t<div class=\"elementor-background-overlay\"><\/div>\n\t\t\t\t\t\t\t<div class=\"elementor-container elementor-column-gap-default\">\n\t\t\t\t\t<div class=\"elementor-column elementor-col-100 elementor-top-column elementor-element elementor-element-92bab0e\" data-id=\"92bab0e\" data-element_type=\"column\" data-e-type=\"column\">\n\t\t\t<div class=\"elementor-widget-wrap elementor-element-populated\">\n\t\t\t\t\t\t<div class=\"elementor-element elementor-element-339675c elementor-widget elementor-widget-heading\" data-id=\"339675c\" data-element_type=\"widget\" data-e-type=\"widget\" data-widget_type=\"heading.default\">\n\t\t\t\t<div class=\"elementor-widget-container\">\n\t\t\t\t\t<h1 class=\"elementor-heading-title elementor-size-default\">Canto do Presidente<\/h1>\t\t\t\t<\/div>\n\t\t\t\t<\/div>\n\t\t\t\t\t<\/div>\n\t\t<\/div>\n\t\t\t\t\t<\/div>\n\t\t<\/section>\n\t\t\t\t<section class=\"elementor-section elementor-top-section elementor-element elementor-element-0475c79 elementor-section-stretched elementor-section-height-min-height elementor-reverse-tablet elementor-section-boxed elementor-section-height-default elementor-section-items-middle elementor-invisible\" data-id=\"0475c79\" data-element_type=\"section\" data-e-type=\"section\" data-settings=\"{&quot;stretch_section&quot;:&quot;section-stretched&quot;,&quot;background_background&quot;:&quot;classic&quot;,&quot;animation&quot;:&quot;fadeIn&quot;}\">\n\t\t\t\t\t\t\t<div class=\"elementor-background-overlay\"><\/div>\n\t\t\t\t\t\t\t<div class=\"elementor-container elementor-column-gap-default\">\n\t\t\t\t\t<div class=\"elementor-column elementor-col-100 elementor-top-column elementor-element elementor-element-348c6ae\" data-id=\"348c6ae\" data-element_type=\"column\" data-e-type=\"column\">\n\t\t\t<div class=\"elementor-widget-wrap elementor-element-populated\">\n\t\t\t\t\t\t<section class=\"elementor-section elementor-inner-section elementor-element elementor-element-d4277fc elementor-section-boxed elementor-section-height-default elementor-section-height-default\" data-id=\"d4277fc\" data-element_type=\"section\" data-e-type=\"section\">\n\t\t\t\t\t\t<div class=\"elementor-container elementor-column-gap-default\">\n\t\t\t\t\t<div class=\"elementor-column elementor-col-50 elementor-inner-column elementor-element elementor-element-e1d24e0\" data-id=\"e1d24e0\" data-element_type=\"column\" data-e-type=\"column\">\n\t\t\t<div class=\"elementor-widget-wrap\">\n\t\t\t\t\t\t\t<\/div>\n\t\t<\/div>\n\t\t\t\t<div class=\"elementor-column elementor-col-50 elementor-inner-column elementor-element elementor-element-a16fc12\" data-id=\"a16fc12\" data-element_type=\"column\" data-e-type=\"column\">\n\t\t\t<div class=\"elementor-widget-wrap elementor-element-populated\">\n\t\t\t\t\t\t<div class=\"elementor-element elementor-element-e0c2414 elementor-widget elementor-widget-heading\" data-id=\"e0c2414\" data-element_type=\"widget\" data-e-type=\"widget\" data-widget_type=\"heading.default\">\n\t\t\t\t<div class=\"elementor-widget-container\">\n\t\t\t\t\t<h2 class=\"elementor-heading-title elementor-size-default\">Artigos | Discursos | Lideran\u00e7a de pensamento<\/h2>\t\t\t\t<\/div>\n\t\t\t\t<\/div>\n\t\t\t\t\t<\/div>\n\t\t<\/div>\n\t\t\t\t\t<\/div>\n\t\t<\/section>\n\t\t\t\t<div class=\"elementor-element elementor-element-cb97811 elementor-widget elementor-widget-shortcode\" data-id=\"cb97811\" data-element_type=\"widget\" data-e-type=\"widget\" data-widget_type=\"shortcode.default\">\n\t\t\t\t<div class=\"elementor-widget-container\">\n\t\t\t\t\t\t\t<div class=\"elementor-shortcode\">\t\t<div data-elementor-type=\"section\" data-elementor-id=\"25906\" class=\"elementor elementor-25906\" data-elementor-post-type=\"elementor_library\">\n\t\t\t\t\t<section class=\"elementor-section elementor-top-section elementor-element elementor-element-ca282e2 elementor-section-boxed elementor-section-height-default elementor-section-height-default\" data-id=\"ca282e2\" data-element_type=\"section\" data-e-type=\"section\">\n\t\t\t\t\t\t<div class=\"elementor-container elementor-column-gap-default\">\n\t\t\t\t\t<div class=\"elementor-column elementor-col-100 elementor-top-column elementor-element elementor-element-58fa623b\" data-id=\"58fa623b\" data-element_type=\"column\" data-e-type=\"column\">\n\t\t\t<div class=\"elementor-widget-wrap elementor-element-populated\">\n\t\t\t\t\t\t<div class=\"elementor-element elementor-element-c3cad9b elementor-grid-3 elementor-grid-tablet-2 elementor-grid-mobile-1 elementor-posts--thumbnail-top elementor-card-shadow-yes elementor-posts__hover-gradient elementor-widget elementor-widget-posts\" data-id=\"c3cad9b\" data-element_type=\"widget\" data-e-type=\"widget\" data-settings=\"{&quot;pagination_type&quot;:&quot;prev_next&quot;,&quot;cards_row_gap&quot;:{&quot;unit&quot;:&quot;px&quot;,&quot;size&quot;:30,&quot;sizes&quot;:[]},&quot;cards_columns&quot;:&quot;3&quot;,&quot;cards_columns_tablet&quot;:&quot;2&quot;,&quot;cards_columns_mobile&quot;:&quot;1&quot;,&quot;cards_row_gap_tablet&quot;:{&quot;unit&quot;:&quot;px&quot;,&quot;size&quot;:&quot;&quot;,&quot;sizes&quot;:[]},&quot;cards_row_gap_mobile&quot;:{&quot;unit&quot;:&quot;px&quot;,&quot;size&quot;:&quot;&quot;,&quot;sizes&quot;:[]}}\" data-widget_type=\"posts.cards\">\n\t\t\t\t<div class=\"elementor-widget-container\">\n\t\t\t\t\t\t\t<div class=\"elementor-posts-container elementor-posts elementor-posts--skin-cards elementor-grid\" role=\"list\">\n\t\t\t\t<article class=\"elementor-post elementor-grid-item post-26371 post type-post status-publish format-standard has-post-thumbnail hentry category-chairmans-blogpost category-events\" role=\"listitem\">\n\t\t\t<div class=\"elementor-post__card\">\n\t\t\t\t<a class=\"elementor-post__thumbnail__link\" href=\"https:\/\/www.heirsholdings.com\/pt\/tony-elumelus-keynote-remarks-at-theabuja-business-investment-summit-expo-2025\/\" tabindex=\"-1\" ><div class=\"elementor-post__thumbnail\"><img fetchpriority=\"high\" decoding=\"async\" width=\"300\" height=\"246\" src=\"https:\/\/www.heirsholdings.com\/wp-content\/uploads\/2025\/10\/1-300x246.jpg\" class=\"attachment-medium size-medium wp-image-26373\" alt=\"cimeira de investimento\" srcset=\"https:\/\/www.heirsholdings.com\/wp-content\/uploads\/2025\/10\/1-300x246.jpg 300w, https:\/\/www.heirsholdings.com\/wp-content\/uploads\/2025\/10\/1-1024x841.jpg 1024w, https:\/\/www.heirsholdings.com\/wp-content\/uploads\/2025\/10\/1-768x631.jpg 768w, https:\/\/www.heirsholdings.com\/wp-content\/uploads\/2025\/10\/1-1536x1261.jpg 1536w, https:\/\/www.heirsholdings.com\/wp-content\/uploads\/2025\/10\/1-15x12.jpg 15w, https:\/\/www.heirsholdings.com\/wp-content\/uploads\/2025\/10\/1.jpg 2000w\" sizes=\"(max-width: 300px) 100vw, 300px\" \/><\/div><\/a>\n\t\t\t\t<div class=\"elementor-post__text\">\n\t\t\t\t<h3 class=\"elementor-post__title\">\n\t\t\t<a href=\"https:\/\/www.heirsholdings.com\/pt\/tony-elumelus-keynote-remarks-at-theabuja-business-investment-summit-expo-2025\/\" >\n\t\t\t\tDiscurso de Tony Elumelu na Cimeira de Neg\u00f3cios e Investimento de Abuja e na EXPO 2025\t\t\t<\/a>\n\t\t<\/h3>\n\t\t\n\t\t<a class=\"elementor-post__read-more\" href=\"https:\/\/www.heirsholdings.com\/pt\/tony-elumelus-keynote-remarks-at-theabuja-business-investment-summit-expo-2025\/\" aria-label=\"Ler mais sobre os principais coment\u00e1rios de Tony Elumelu na Cimeira de Neg\u00f3cios e Investimento de Abuja e na EXPO 2025\" tabindex=\"-1\" >\n\t\t\tLer mais \"\t\t<\/a>\n\n\t\t\t\t<\/div>\n\t\t\t\t<div class=\"elementor-post__meta-data\">\n\t\t\t\t\t<span class=\"elementor-post-date\">\n\t\t\t23 de outubro de 2025\t\t<\/span>\n\t\t\t\t<\/div>\n\t\t\t\t\t<\/div>\n\t\t<\/article>\n\t\t\t\t<article class=\"elementor-post elementor-grid-item post-26323 post type-post status-publish format-standard has-post-thumbnail hentry category-articles category-chairmans-blogpost\" role=\"listitem\">\n\t\t\t<div class=\"elementor-post__card\">\n\t\t\t\t<a class=\"elementor-post__thumbnail__link\" href=\"https:\/\/www.heirsholdings.com\/pt\/heirs-holdings-founder-and-group-chairman-champions-africapitalism-as-the-key-to-africas-development\/\" tabindex=\"-1\" ><div class=\"elementor-post__thumbnail\"><img decoding=\"async\" width=\"300\" height=\"200\" src=\"https:\/\/www.heirsholdings.com\/wp-content\/uploads\/2025\/10\/heirsholdings_1760425423730-300x200.jpeg\" class=\"attachment-medium size-medium wp-image-26324\" alt=\"O capitalismo africano como chave\" srcset=\"https:\/\/www.heirsholdings.com\/wp-content\/uploads\/2025\/10\/heirsholdings_1760425423730-300x200.jpeg 300w, https:\/\/www.heirsholdings.com\/wp-content\/uploads\/2025\/10\/heirsholdings_1760425423730-1024x684.jpeg 1024w, https:\/\/www.heirsholdings.com\/wp-content\/uploads\/2025\/10\/heirsholdings_1760425423730-768x513.jpeg 768w, https:\/\/www.heirsholdings.com\/wp-content\/uploads\/2025\/10\/heirsholdings_1760425423730-18x12.jpeg 18w, https:\/\/www.heirsholdings.com\/wp-content\/uploads\/2025\/10\/heirsholdings_1760425423730.jpeg 1440w\" sizes=\"(max-width: 300px) 100vw, 300px\" \/><\/div><\/a>\n\t\t\t\t<div class=\"elementor-post__text\">\n\t\t\t\t<h3 class=\"elementor-post__title\">\n\t\t\t<a href=\"https:\/\/www.heirsholdings.com\/pt\/heirs-holdings-founder-and-group-chairman-champions-africapitalism-as-the-key-to-africas-development\/\" >\n\t\t\t\tO fundador e presidente do grupo Heirs Holdings defende o africapitalismo como a chave para o desenvolvimento de \u00c1frica\t\t\t<\/a>\n\t\t<\/h3>\n\t\t\n\t\t<a class=\"elementor-post__read-more\" href=\"https:\/\/www.heirsholdings.com\/pt\/heirs-holdings-founder-and-group-chairman-champions-africapitalism-as-the-key-to-africas-development\/\" aria-label=\"Ler mais sobre O fundador e presidente do grupo Heirs Holdings defende o africapitalismo como a chave para o desenvolvimento de \u00c1frica\" tabindex=\"-1\" >\n\t\t\tLer mais \"\t\t<\/a>\n\n\t\t\t\t<\/div>\n\t\t\t\t<div class=\"elementor-post__meta-data\">\n\t\t\t\t\t<span class=\"elementor-post-date\">\n\t\t\t15 de outubro de 2025\t\t<\/span>\n\t\t\t\t<\/div>\n\t\t\t\t\t<\/div>\n\t\t<\/article>\n\t\t\t\t<article class=\"elementor-post elementor-grid-item post-26270 post type-post status-publish format-standard has-post-thumbnail hentry category-chairmans-blogpost category-articles category-energy\" role=\"listitem\">\n\t\t\t<div class=\"elementor-post__card\">\n\t\t\t\t<a class=\"elementor-post__thumbnail__link\" href=\"https:\/\/www.heirsholdings.com\/pt\/heirs-energies-an-african-champion\/\" tabindex=\"-1\" ><div class=\"elementor-post__thumbnail\"><img decoding=\"async\" width=\"297\" height=\"300\" src=\"https:\/\/www.heirsholdings.com\/wp-content\/uploads\/2025\/09\/Heirs-Energies-Post-1-297x300.jpg\" class=\"attachment-medium size-medium wp-image-26271\" alt=\"Um campe\u00e3o africano\" srcset=\"https:\/\/www.heirsholdings.com\/wp-content\/uploads\/2025\/09\/Heirs-Energies-Post-1-297x300.jpg 297w, https:\/\/www.heirsholdings.com\/wp-content\/uploads\/2025\/09\/Heirs-Energies-Post-1-1012x1024.jpg 1012w, https:\/\/www.heirsholdings.com\/wp-content\/uploads\/2025\/09\/Heirs-Energies-Post-1-768x777.jpg 768w, https:\/\/www.heirsholdings.com\/wp-content\/uploads\/2025\/09\/Heirs-Energies-Post-1-1518x1536.jpg 1518w, https:\/\/www.heirsholdings.com\/wp-content\/uploads\/2025\/09\/Heirs-Energies-Post-1-2024x2048.jpg 2024w, https:\/\/www.heirsholdings.com\/wp-content\/uploads\/2025\/09\/Heirs-Energies-Post-1-12x12.jpg 12w, https:\/\/www.heirsholdings.com\/wp-content\/uploads\/2025\/09\/Heirs-Energies-Post-1-100x100.jpg 100w\" sizes=\"(max-width: 297px) 100vw, 297px\" \/><\/div><\/a>\n\t\t\t\t<div class=\"elementor-post__text\">\n\t\t\t\t<h3 class=\"elementor-post__title\">\n\t\t\t<a href=\"https:\/\/www.heirsholdings.com\/pt\/heirs-energies-an-african-champion\/\" >\n\t\t\t\tHeirs Energies: Um campe\u00e3o africano\t\t\t<\/a>\n\t\t<\/h3>\n\t\t\n\t\t<a class=\"elementor-post__read-more\" href=\"https:\/\/www.heirsholdings.com\/pt\/heirs-energies-an-african-champion\/\" aria-label=\"Ler mais sobre Heirs Energies: Um Campe\u00e3o Africano\" tabindex=\"-1\" >\n\t\t\tLer mais \"\t\t<\/a>\n\n\t\t\t\t<\/div>\n\t\t\t\t<div class=\"elementor-post__meta-data\">\n\t\t\t\t\t<span class=\"elementor-post-date\">\n\t\t\t4 de setembro de 2025\t\t<\/span>\n\t\t\t\t<\/div>\n\t\t\t\t\t<\/div>\n\t\t<\/article>\n\t\t\t\t<article class=\"elementor-post elementor-grid-item post-26077 post type-post status-publish format-standard has-post-thumbnail hentry category-chairmans-blogpost category-articles category-events\" role=\"listitem\">\n\t\t\t<div class=\"elementor-post__card\">\n\t\t\t\t<a class=\"elementor-post__thumbnail__link\" href=\"https:\/\/www.heirsholdings.com\/pt\/tony-elumelus-keynote-address-at-the-2025-african-caucus-meeting\/\" tabindex=\"-1\" ><div class=\"elementor-post__thumbnail\"><img loading=\"lazy\" decoding=\"async\" width=\"300\" height=\"200\" src=\"https:\/\/www.heirsholdings.com\/wp-content\/uploads\/2025\/07\/WhatsApp-Image-2025-08-01-at-15.32.23_b57622d6-300x200.jpg\" class=\"attachment-medium size-medium wp-image-26093\" alt=\"Reuni\u00e3o do Caucus Africano 2025\" srcset=\"https:\/\/www.heirsholdings.com\/wp-content\/uploads\/2025\/07\/WhatsApp-Image-2025-08-01-at-15.32.23_b57622d6-300x200.jpg 300w, https:\/\/www.heirsholdings.com\/wp-content\/uploads\/2025\/07\/WhatsApp-Image-2025-08-01-at-15.32.23_b57622d6-768x512.jpg 768w, https:\/\/www.heirsholdings.com\/wp-content\/uploads\/2025\/07\/WhatsApp-Image-2025-08-01-at-15.32.23_b57622d6-18x12.jpg 18w, https:\/\/www.heirsholdings.com\/wp-content\/uploads\/2025\/07\/WhatsApp-Image-2025-08-01-at-15.32.23_b57622d6.jpg 879w\" sizes=\"(max-width: 300px) 100vw, 300px\" \/><\/div><\/a>\n\t\t\t\t<div class=\"elementor-post__text\">\n\t\t\t\t<h3 class=\"elementor-post__title\">\n\t\t\t<a href=\"https:\/\/www.heirsholdings.com\/pt\/tony-elumelus-keynote-address-at-the-2025-african-caucus-meeting\/\" >\n\t\t\t\tDiscurso de Tony Elumelu na reuni\u00e3o do Caucus Africano 2025\t\t\t<\/a>\n\t\t<\/h3>\n\t\t\n\t\t<a class=\"elementor-post__read-more\" href=\"https:\/\/www.heirsholdings.com\/pt\/tony-elumelus-keynote-address-at-the-2025-african-caucus-meeting\/\" aria-label=\"Read more about Discurso de Tony Elumelu na Reuni\u00e3o do Caucus Africano 2025\" tabindex=\"-1\" >\n\t\t\tLer mais \"\t\t<\/a>\n\n\t\t\t\t<\/div>\n\t\t\t\t<div class=\"elementor-post__meta-data\">\n\t\t\t\t\t<span class=\"elementor-post-date\">\n\t\t\tagosto 1, 2025\t\t<\/span>\n\t\t\t\t<\/div>\n\t\t\t\t\t<\/div>\n\t\t<\/article>\n\t\t\t\t<article class=\"elementor-post elementor-grid-item post-25894 post type-post status-publish format-standard has-post-thumbnail hentry category-chairmans-blogpost\" role=\"listitem\">\n\t\t\t<div class=\"elementor-post__card\">\n\t\t\t\t<a class=\"elementor-post__thumbnail__link\" href=\"https:\/\/www.heirsholdings.com\/pt\/africa-and-tech-innovation-on-the-global-stage\/\" tabindex=\"-1\" ><div class=\"elementor-post__thumbnail\"><img loading=\"lazy\" decoding=\"async\" width=\"225\" height=\"300\" src=\"https:\/\/www.heirsholdings.com\/wp-content\/uploads\/2025\/06\/image-225x300.jpeg\" class=\"attachment-medium size-medium wp-image-25895\" alt=\"\" srcset=\"https:\/\/www.heirsholdings.com\/wp-content\/uploads\/2025\/06\/image-225x300.jpeg 225w, https:\/\/www.heirsholdings.com\/wp-content\/uploads\/2025\/06\/image-9x12.jpeg 9w, https:\/\/www.heirsholdings.com\/wp-content\/uploads\/2025\/06\/image.jpeg 267w\" sizes=\"(max-width: 225px) 100vw, 225px\"><\/div><\/a>\n\t\t\t\t<div class=\"elementor-post__text\">\n\t\t\t\t<h3 class=\"elementor-post__title\">\n\t\t\t<a href=\"https:\/\/www.heirsholdings.com\/pt\/africa-and-tech-innovation-on-the-global-stage\/\" >\n\t\t\t\t\u00c1frica e a inova\u00e7\u00e3o tecnol\u00f3gica na cena mundial\t\t\t<\/a>\n\t\t<\/h3>\n\t\t\n\t\t<a class=\"elementor-post__read-more\" href=\"https:\/\/www.heirsholdings.com\/pt\/africa-and-tech-innovation-on-the-global-stage\/\" aria-label=\"Ler mais sobre \u00c1frica e a inova\u00e7\u00e3o tecnol\u00f3gica na cena mundial\" tabindex=\"-1\" >\n\t\t\tLer mais \"\t\t<\/a>\n\n\t\t\t\t<\/div>\n\t\t\t\t<div class=\"elementor-post__meta-data\">\n\t\t\t\t\t<span class=\"elementor-post-date\">\n\t\t\tjunho 13, 2025\t\t<\/span>\n\t\t\t\t<\/div>\n\t\t\t\t\t<\/div>\n\t\t<\/article>\n\t\t\t\t<article class=\"elementor-post elementor-grid-item post-25418 post type-post status-publish format-standard has-post-thumbnail hentry category-articles category-blogs category-chairmans-blogpost category-energy category-events category-financial-services category-philanthropy category-power\" role=\"listitem\">\n\t\t\t<div class=\"elementor-post__card\">\n\t\t\t\t<a class=\"elementor-post__thumbnail__link\" href=\"https:\/\/www.heirsholdings.com\/pt\/looking-towards-an-african-century\/\" tabindex=\"-1\" ><div class=\"elementor-post__thumbnail\"><img loading=\"lazy\" decoding=\"async\" width=\"300\" height=\"129\" src=\"https:\/\/www.heirsholdings.com\/wp-content\/uploads\/2025\/03\/image-ezgif.com-webp-to-jpg-converter-300x129.jpg\" class=\"attachment-medium size-medium wp-image-25419\" alt=\"um s\u00e9culo africano\" srcset=\"https:\/\/www.heirsholdings.com\/wp-content\/uploads\/2025\/03\/image-ezgif.com-webp-to-jpg-converter-300x129.jpg 300w, https:\/\/www.heirsholdings.com\/wp-content\/uploads\/2025\/03\/image-ezgif.com-webp-to-jpg-converter-1024x441.jpg 1024w, https:\/\/www.heirsholdings.com\/wp-content\/uploads\/2025\/03\/image-ezgif.com-webp-to-jpg-converter-768x331.jpg 768w, https:\/\/www.heirsholdings.com\/wp-content\/uploads\/2025\/03\/image-ezgif.com-webp-to-jpg-converter-18x8.jpg 18w, https:\/\/www.heirsholdings.com\/wp-content\/uploads\/2025\/03\/image-ezgif.com-webp-to-jpg-converter.jpg 1440w\" sizes=\"(max-width: 300px) 100vw, 300px\" \/><\/div><\/a>\n\t\t\t\t<div class=\"elementor-post__text\">\n\t\t\t\t<h3 class=\"elementor-post__title\">\n\t\t\t<a href=\"https:\/\/www.heirsholdings.com\/pt\/looking-towards-an-african-century\/\" >\n\t\t\t\tRumo a um s\u00e9culo africano\t\t\t<\/a>\n\t\t<\/h3>\n\t\t\n\t\t<a class=\"elementor-post__read-more\" href=\"https:\/\/www.heirsholdings.com\/pt\/looking-towards-an-african-century\/\" aria-label=\"Ler mais sobre Rumo a um s\u00e9culo africano\" tabindex=\"-1\" >\n\t\t\tLer mais \"\t\t<\/a>\n\n\t\t\t\t<\/div>\n\t\t\t\t<div class=\"elementor-post__meta-data\">\n\t\t\t\t\t<span class=\"elementor-post-date\">\n\t\t\tmar\u00e7o 14, 2025\t\t<\/span>\n\t\t\t\t<\/div>\n\t\t\t\t\t<\/div>\n\t\t<\/article>\n\t\t\t\t<\/div>\n\t\t\n\t\t\t\t\t\t<\/div>\n\t\t\t\t<\/div>\n\t\t\t\t\t<\/div>\n\t\t<\/div>\n\t\t\t\t\t<\/div>\n\t\t<\/section>\n\t\t\t\t<\/div>\n\t\t<\/div>\n\t\t\t\t\t\t<\/div>\n\t\t\t\t<\/div>\n\t\t\t\t<div class=\"elementor-element elementor-element-9b4b5f2 elementor-align-left elementor-mobile-align-left not-btn elementor-widget elementor-widget-button\" data-id=\"9b4b5f2\" data-element_type=\"widget\" data-e-type=\"widget\" data-widget_type=\"button.default\">\n\t\t\t\t<div class=\"elementor-widget-container\">\n\t\t\t\t\t\t\t\t\t<div class=\"elementor-button-wrapper\">\n\t\t\t\t\t<a class=\"elementor-button elementor-button-link elementor-size-sm\" href=\"https:\/\/www.heirsholdings.com\/pt\/noticias\/\">\n\t\t\t\t\t\t<span class=\"elementor-button-content-wrapper\">\n\t\t\t\t\t\t\t\t\t<span class=\"elementor-button-text\">Todas as m\u00eddias<\/span>\n\t\t\t\t\t<\/span>\n\t\t\t\t\t<\/a>\n\t\t\t\t<\/div>\n\t\t\t\t\t\t\t\t<\/div>\n\t\t\t\t<\/div>\n\t\t\t\t\t<\/div>\n\t\t<\/div>\n\t\t\t\t\t<\/div>\n\t\t<\/section>\n\t\t\t\t<\/div>","protected":false},"excerpt":{"rendered":"<p>Canto do Presidente Artigos | Discursos | Lideran\u00e7a em Ideias Todos os Media<\/p>","protected":false},"author":17,"featured_media":0,"parent":0,"menu_order":0,"comment_status":"closed","ping_status":"closed","template":"","meta":{"_exactmetrics_skip_tracking":false,"_exactmetrics_sitenote_active":false,"_exactmetrics_sitenote_note":"","_exactmetrics_sitenote_category":0,"cybocfi_hide_featured_image":"","footnotes":""},"class_list":["post-25904","page","type-page","status-publish","hentry"],"_links":{"self":[{"href":"https:\/\/www.heirsholdings.com\/pt\/wp-json\/wp\/v2\/pages\/25904","targetHints":{"allow":["GET"]}}],"collection":[{"href":"https:\/\/www.heirsholdings.com\/pt\/wp-json\/wp\/v2\/pages"}],"about":[{"href":"https:\/\/www.heirsholdings.com\/pt\/wp-json\/wp\/v2\/types\/page"}],"author":[{"embeddable":true,"href":"https:\/\/www.heirsholdings.com\/pt\/wp-json\/wp\/v2\/users\/17"}],"replies":[{"embeddable":true,"href":"https:\/\/www.heirsholdings.com\/pt\/wp-json\/wp\/v2\/comments?post=25904"}],"version-history":[{"count":8,"href":"https:\/\/www.heirsholdings.com\/pt\/wp-json\/wp\/v2\/pages\/25904\/revisions"}],"predecessor-version":[{"id":26430,"href":"https:\/\/www.heirsholdings.com\/pt\/wp-json\/wp\/v2\/pages\/25904\/revisions\/26430"}],"wp:attachment":[{"href":"https:\/\/www.heirsholdings.com\/pt\/wp-json\/wp\/v2\/media?parent=25904"}],"curies":[{"name":"wp","href":"https:\/\/api.w.org\/{rel}","templated":true}]}}