{"id":11,"date":"2019-02-13T15:05:49","date_gmt":"2019-02-13T15:05:49","guid":{"rendered":"http:\/\/hh.cregital.com\/?page_id=11"},"modified":"2025-10-27T12:10:09","modified_gmt":"2025-10-27T11:10:09","slug":"filantropia","status":"publish","type":"page","link":"https:\/\/www.heirsholdings.com\/pt\/philanthropy\/","title":{"rendered":"Filantropia"},"content":{"rendered":"<div data-elementor-type=\"wp-post\" data-elementor-id=\"11\" class=\"elementor elementor-11\" data-elementor-post-type=\"page\">\n\t\t\t\t\t\t<section class=\"elementor-section elementor-top-section elementor-element elementor-element-5ec47ecb elementor-section-stretched elementor-section-height-min-height elementor-section-items-bottom elementor-section-content-middle inner-header elementor-section-boxed elementor-section-height-default\" data-id=\"5ec47ecb\" data-element_type=\"section\" data-e-type=\"section\" data-settings=\"{&quot;stretch_section&quot;:&quot;section-stretched&quot;,&quot;background_background&quot;:&quot;classic&quot;}\">\n\t\t\t\t\t\t\t<div class=\"elementor-background-overlay\"><\/div>\n\t\t\t\t\t\t\t<div class=\"elementor-container elementor-column-gap-default\">\n\t\t\t\t\t<div class=\"elementor-column elementor-col-100 elementor-top-column elementor-element elementor-element-1afb6ae3\" data-id=\"1afb6ae3\" data-element_type=\"column\" data-e-type=\"column\" data-settings=\"{&quot;background_background&quot;:&quot;classic&quot;}\">\n\t\t\t<div class=\"elementor-widget-wrap elementor-element-populated\">\n\t\t\t\t\t<div class=\"elementor-background-overlay\"><\/div>\n\t\t\t\t\t\t<div class=\"elementor-element elementor-element-2c105f31 elementor-widget elementor-widget-heading\" data-id=\"2c105f31\" data-element_type=\"widget\" data-e-type=\"widget\" data-widget_type=\"heading.default\">\n\t\t\t\t<div class=\"elementor-widget-container\">\n\t\t\t\t\t<h1 class=\"elementor-heading-title elementor-size-default\">Filantropia<\/h1>\t\t\t\t<\/div>\n\t\t\t\t<\/div>\n\t\t\t\t\t<\/div>\n\t\t<\/div>\n\t\t\t\t\t<\/div>\n\t\t<\/section>\n\t\t\t\t<section class=\"elementor-section elementor-top-section elementor-element elementor-element-7651fd01 elementor-section-stretched elementor-reverse-mobile elementor-section-boxed elementor-section-height-default elementor-section-height-default\" data-id=\"7651fd01\" data-element_type=\"section\" data-e-type=\"section\" data-settings=\"{&quot;stretch_section&quot;:&quot;section-stretched&quot;,&quot;background_background&quot;:&quot;classic&quot;}\">\n\t\t\t\t\t\t<div class=\"elementor-container elementor-column-gap-default\">\n\t\t\t\t\t<div class=\"elementor-column elementor-col-50 elementor-top-column elementor-element elementor-element-3f6c20f4\" data-id=\"3f6c20f4\" data-element_type=\"column\" data-e-type=\"column\">\n\t\t\t<div class=\"elementor-widget-wrap elementor-element-populated\">\n\t\t\t\t\t\t<div class=\"elementor-element elementor-element-1bf040f9 elementor-widget elementor-widget-heading\" data-id=\"1bf040f9\" data-element_type=\"widget\" data-e-type=\"widget\" data-widget_type=\"heading.default\">\n\t\t\t\t<div class=\"elementor-widget-container\">\n\t\t\t\t\t<p class=\"elementor-heading-title elementor-size-default\">Acreditamos em fazer bem e fazer o bem. Esta \u00e9 a filosofia que orienta e orienta as nossas atividades de investimento. <br><br>\n\nA Heirs Holdings orgulha-se de apoiar o trabalho da Funda\u00e7\u00e3o Tony Elumelu (TEF). Fundada em 2010, a TEF foi pioneira de uma nova abordagem \u00e0 filantropia em \u00c1frica. O programa emblem\u00e1tico da Funda\u00e7\u00e3o, o Programa de Empreendedorismo da Funda\u00e7\u00e3o Tony Elumelu, \u00e9 o compromisso $100 milh\u00f5es lan\u00e7ado em 2015 para identificar, financiar, orientar e formar 10.000 empres\u00e1rios africanos ao longo de 10 anos; um investimento no futuro de \u00c1frica. Em dez anos, impact\u00e1mos mais de 21.000 benefici\u00e1rios com mais de $100 milh\u00f5es em financiamento direto de capital inicial, cri\u00e1mos mais de 1,5 milh\u00f5es de empregos e $4,2 mil milh\u00f5es em receitas, e apoi\u00e1mos a nossa rede de 2,5 milh\u00f5es de africanos com acesso a forma\u00e7\u00f5es no TEFConnect.\n<br>\n<br>\nO investimento a longo prazo da Funda\u00e7\u00e3o na capacita\u00e7\u00e3o dos empres\u00e1rios africanos \u00e9 emblem\u00e1tico da filosofia do Africapitalismo de Tony Elumelu, que posiciona o sector privado de \u00c1frica e, mais importante ainda, os empres\u00e1rios, como o catalisador para o desenvolvimento social e econ\u00f3mico do continente\n<br><br>\nPara saber mais sobre a Funda\u00e7\u00e3o Tony Elumelu, visite;<\/p>\t\t\t\t<\/div>\n\t\t\t\t<\/div>\n\t\t\t\t<div class=\"elementor-element elementor-element-bc0f875 elementor-align-left not-btn elementor-widget elementor-widget-button\" data-id=\"bc0f875\" data-element_type=\"widget\" data-e-type=\"widget\" data-widget_type=\"button.default\">\n\t\t\t\t<div class=\"elementor-widget-container\">\n\t\t\t\t\t\t\t\t\t<div class=\"elementor-button-wrapper\">\n\t\t\t\t\t<a class=\"elementor-button elementor-button-link elementor-size-sm\" href=\"http:\/\/www.tonyelumelufoundation.org\" target=\"_blank\" rel=\"noopener\">\n\t\t\t\t\t\t<span class=\"elementor-button-content-wrapper\">\n\t\t\t\t\t\t\t\t\t<span class=\"elementor-button-text\"> www.tonyelumelufoundation.org<\/span>\n\t\t\t\t\t<\/span>\n\t\t\t\t\t<\/a>\n\t\t\t\t<\/div>\n\t\t\t\t\t\t\t\t<\/div>\n\t\t\t\t<\/div>\n\t\t\t\t\t<\/div>\n\t\t<\/div>\n\t\t\t\t<div class=\"elementor-column elementor-col-50 elementor-top-column elementor-element elementor-element-8e3cc03\" data-id=\"8e3cc03\" data-element_type=\"column\" data-e-type=\"column\">\n\t\t\t<div class=\"elementor-widget-wrap elementor-element-populated\">\n\t\t\t\t\t\t<div class=\"elementor-element elementor-element-55d39dba elementor-invisible elementor-widget elementor-widget-heading\" data-id=\"55d39dba\" data-element_type=\"widget\" data-e-type=\"widget\" data-settings=\"{&quot;_animation&quot;:&quot;slideInUp&quot;,&quot;_animation_delay&quot;:2100}\" data-widget_type=\"heading.default\">\n\t\t\t\t<div class=\"elementor-widget-container\">\n\t\t\t\t\t<h2 class=\"elementor-heading-title elementor-size-default\">Nos estamos comprometidos em<\/h2>\t\t\t\t<\/div>\n\t\t\t\t<\/div>\n\t\t\t\t<div class=\"elementor-element elementor-element-a57ddce elementor-invisible elementor-widget elementor-widget-heading\" data-id=\"a57ddce\" data-element_type=\"widget\" data-e-type=\"widget\" data-settings=\"{&quot;_animation&quot;:&quot;slideInUp&quot;,&quot;_animation_delay&quot;:2200}\" data-widget_type=\"heading.default\">\n\t\t\t\t<div class=\"elementor-widget-container\">\n\t\t\t\t\t<h2 class=\"elementor-heading-title elementor-size-default\">empoderando os africanos<\/h2>\t\t\t\t<\/div>\n\t\t\t\t<\/div>\n\t\t\t\t<div class=\"elementor-element elementor-element-72f2c36 elementor-invisible elementor-widget elementor-widget-heading\" data-id=\"72f2c36\" data-element_type=\"widget\" data-e-type=\"widget\" data-settings=\"{&quot;_animation&quot;:&quot;slideInUp&quot;,&quot;_animation_delay&quot;:2300}\" data-widget_type=\"heading.default\">\n\t\t\t\t<div class=\"elementor-widget-container\">\n\t\t\t\t\t<h2 class=\"elementor-heading-title elementor-size-default\">empreendedores.<\/h2>\t\t\t\t<\/div>\n\t\t\t\t<\/div>\n\t\t\t\t<div class=\"elementor-element elementor-element-cfcd839 elementor-widget elementor-widget-video\" data-id=\"cfcd839\" data-element_type=\"widget\" data-e-type=\"widget\" data-settings=\"{&quot;youtube_url&quot;:&quot;https:\\\/\\\/youtu.be\\\/t14xCnnYOXw&quot;,&quot;show_image_overlay&quot;:&quot;yes&quot;,&quot;image_overlay&quot;:{&quot;url&quot;:&quot;https:\\\/\\\/www.heirsholdings.com\\\/wp-content\\\/uploads\\\/2019\\\/10\\\/HH-TEF-1.jpg&quot;,&quot;id&quot;:5426,&quot;size&quot;:&quot;&quot;},&quot;lightbox&quot;:&quot;yes&quot;,&quot;video_type&quot;:&quot;youtube&quot;,&quot;controls&quot;:&quot;yes&quot;}\" data-widget_type=\"video.default\">\n\t\t\t\t<div class=\"elementor-widget-container\">\n\t\t\t\t\t\t\t<div class=\"elementor-wrapper elementor-open-lightbox\">\n\t\t\t\t\t\t\t<div class=\"elementor-custom-embed-image-overlay\" data-elementor-open-lightbox=\"yes\" data-elementor-lightbox=\"{&quot;type&quot;:&quot;video&quot;,&quot;videoType&quot;:&quot;youtube&quot;,&quot;url&quot;:&quot;https:\\\/\\\/www.youtube.com\\\/embed\\\/t14xCnnYOXw?feature=oembed&amp;start&amp;end&amp;wmode=opaque&amp;loop=0&amp;controls=1&amp;mute=0&amp;rel=0&amp;cc_load_policy=0&quot;,&quot;autoplay&quot;:&quot;&quot;,&quot;modalOptions&quot;:{&quot;id&quot;:&quot;elementor-lightbox-cfcd839&quot;,&quot;entranceAnimation&quot;:&quot;&quot;,&quot;entranceAnimation_tablet&quot;:&quot;&quot;,&quot;entranceAnimation_mobile&quot;:&quot;&quot;,&quot;videoAspectRatio&quot;:&quot;32&quot;}}\" data-e-action-hash=\"#elementor-action%3Aaction%3Dlightbox%26settings%3DeyJ0eXBlIjoidmlkZW8iLCJ2aWRlb1R5cGUiOiJ5b3V0dWJlIiwidXJsIjoiaHR0cHM6XC9cL3d3dy55b3V0dWJlLmNvbVwvZW1iZWRcL3QxNHhDbm5ZT1h3P2ZlYXR1cmU9b2VtYmVkJnN0YXJ0JmVuZCZ3bW9kZT1vcGFxdWUmbG9vcD0wJmNvbnRyb2xzPTEmbXV0ZT0wJnJlbD0wJmNjX2xvYWRfcG9saWN5PTAiLCJhdXRvcGxheSI6IiIsIm1vZGFsT3B0aW9ucyI6eyJpZCI6ImVsZW1lbnRvci1saWdodGJveC1jZmNkODM5IiwiZW50cmFuY2VBbmltYXRpb24iOiIiLCJlbnRyYW5jZUFuaW1hdGlvbl90YWJsZXQiOiIiLCJlbnRyYW5jZUFuaW1hdGlvbl9tb2JpbGUiOiIiLCJ2aWRlb0FzcGVjdFJhdGlvIjoiMzIifX0%3D\">\n\t\t\t\t\t\t\t\t\t\t\t<img fetchpriority=\"high\" decoding=\"async\" width=\"1365\" height=\"997\" src=\"https:\/\/www.heirsholdings.com\/wp-content\/uploads\/2019\/10\/HH-TEF-1.jpg\" class=\"attachment-full size-full wp-image-5426\" alt=\"\" srcset=\"https:\/\/www.heirsholdings.com\/wp-content\/uploads\/2019\/10\/HH-TEF-1.jpg 1365w, https:\/\/www.heirsholdings.com\/wp-content\/uploads\/2019\/10\/HH-TEF-1-300x219.jpg 300w, https:\/\/www.heirsholdings.com\/wp-content\/uploads\/2019\/10\/HH-TEF-1-768x561.jpg 768w, https:\/\/www.heirsholdings.com\/wp-content\/uploads\/2019\/10\/HH-TEF-1-1024x748.jpg 1024w\" sizes=\"(max-width: 1365px) 100vw, 1365px\">\t\t\t\t\t\t\t\t\t\t\t\t\t\t\t\t<div class=\"elementor-custom-embed-play\" role=\"button\" aria-label=\"Reproduzir v\u00eddeo\" tabindex=\"0\">\n\t\t\t\t\t\t\t<i aria-hidden=\"true\" class=\"eicon-play\"><\/i>\t\t\t\t\t\t<\/div>\n\t\t\t\t\t\t\t\t\t<\/div>\n\t\t\t\t\t<\/div>\n\t\t\t\t\t\t<\/div>\n\t\t\t\t<\/div>\n\t\t\t\t\t<\/div>\n\t\t<\/div>\n\t\t\t\t\t<\/div>\n\t\t<\/section>\n\t\t\t\t<section class=\"elementor-section elementor-top-section elementor-element elementor-element-0fbefe4 elementor-section-stretched elementor-reverse-mobile elementor-section-boxed elementor-section-height-default elementor-section-height-default\" data-id=\"0fbefe4\" data-element_type=\"section\" data-e-type=\"section\" data-settings=\"{&quot;stretch_section&quot;:&quot;section-stretched&quot;,&quot;background_background&quot;:&quot;classic&quot;}\">\n\t\t\t\t\t\t<div class=\"elementor-container elementor-column-gap-default\">\n\t\t\t\t\t<div class=\"elementor-column elementor-col-33 elementor-top-column elementor-element elementor-element-020a9d2\" data-id=\"020a9d2\" data-element_type=\"column\" data-e-type=\"column\">\n\t\t\t<div class=\"elementor-widget-wrap elementor-element-populated\">\n\t\t\t\t\t\t<div class=\"elementor-element elementor-element-9c7f52e elementor-widget elementor-widget-image\" data-id=\"9c7f52e\" data-element_type=\"widget\" data-e-type=\"widget\" data-widget_type=\"image.default\">\n\t\t\t\t<div class=\"elementor-widget-container\">\n\t\t\t\t\t\t\t\t\t\t\t\t\t\t\t<img decoding=\"async\" width=\"1024\" height=\"582\" src=\"https:\/\/www.heirsholdings.com\/wp-content\/uploads\/2025\/03\/1dbb7e3e-6241-ed55-beca-6e59f2d3f6fc-1024x582.jpg\" class=\"attachment-large size-large wp-image-25441\" alt=\"\" srcset=\"https:\/\/www.heirsholdings.com\/wp-content\/uploads\/2025\/03\/1dbb7e3e-6241-ed55-beca-6e59f2d3f6fc-1024x582.jpg 1024w, https:\/\/www.heirsholdings.com\/wp-content\/uploads\/2025\/03\/1dbb7e3e-6241-ed55-beca-6e59f2d3f6fc-300x171.jpg 300w, https:\/\/www.heirsholdings.com\/wp-content\/uploads\/2025\/03\/1dbb7e3e-6241-ed55-beca-6e59f2d3f6fc-768x437.jpg 768w, https:\/\/www.heirsholdings.com\/wp-content\/uploads\/2025\/03\/1dbb7e3e-6241-ed55-beca-6e59f2d3f6fc-1536x873.jpg 1536w, https:\/\/www.heirsholdings.com\/wp-content\/uploads\/2025\/03\/1dbb7e3e-6241-ed55-beca-6e59f2d3f6fc-2048x1165.jpg 2048w, https:\/\/www.heirsholdings.com\/wp-content\/uploads\/2025\/03\/1dbb7e3e-6241-ed55-beca-6e59f2d3f6fc-18x10.jpg 18w\" sizes=\"(max-width: 1024px) 100vw, 1024px\">\t\t\t\t\t\t\t\t\t\t\t\t\t\t\t<\/div>\n\t\t\t\t<\/div>\n\t\t\t\t\t<\/div>\n\t\t<\/div>\n\t\t\t\t<div class=\"elementor-column elementor-col-33 elementor-top-column elementor-element elementor-element-9eb1fc9\" data-id=\"9eb1fc9\" data-element_type=\"column\" data-e-type=\"column\">\n\t\t\t<div class=\"elementor-widget-wrap\">\n\t\t\t\t\t\t\t<\/div>\n\t\t<\/div>\n\t\t\t\t<div class=\"elementor-column elementor-col-33 elementor-top-column elementor-element elementor-element-e5c78f8\" data-id=\"e5c78f8\" data-element_type=\"column\" data-e-type=\"column\">\n\t\t\t<div class=\"elementor-widget-wrap elementor-element-populated\">\n\t\t\t\t\t\t<div class=\"elementor-element elementor-element-8f02ad2 elementor-widget elementor-widget-spacer\" data-id=\"8f02ad2\" data-element_type=\"widget\" data-e-type=\"widget\" data-widget_type=\"spacer.default\">\n\t\t\t\t<div class=\"elementor-widget-container\">\n\t\t\t\t\t\t\t<div class=\"elementor-spacer\">\n\t\t\t<div class=\"elementor-spacer-inner\"><\/div>\n\t\t<\/div>\n\t\t\t\t\t\t<\/div>\n\t\t\t\t<\/div>\n\t\t\t\t<div class=\"elementor-element elementor-element-06018da elementor-widget elementor-widget-heading\" data-id=\"06018da\" data-element_type=\"widget\" data-e-type=\"widget\" data-widget_type=\"heading.default\">\n\t\t\t\t<div class=\"elementor-widget-container\">\n\t\t\t\t\t<h1 class=\"elementor-heading-title elementor-size-default\">O impacto transformacional <\/h1>\t\t\t\t<\/div>\n\t\t\t\t<\/div>\n\t\t\t\t<div class=\"elementor-element elementor-element-f138fb5 elementor-widget elementor-widget-heading\" data-id=\"f138fb5\" data-element_type=\"widget\" data-e-type=\"widget\" data-widget_type=\"heading.default\">\n\t\t\t\t<div class=\"elementor-widget-container\">\n\t\t\t\t\t<h1 class=\"elementor-heading-title elementor-size-default\">da Funda\u00e7\u00e3o Tony Elumelu <\/h1>\t\t\t\t<\/div>\n\t\t\t\t<\/div>\n\t\t\t\t<div class=\"elementor-element elementor-element-d77114f elementor-widget elementor-widget-heading\" data-id=\"d77114f\" data-element_type=\"widget\" data-e-type=\"widget\" data-widget_type=\"heading.default\">\n\t\t\t\t<div class=\"elementor-widget-container\">\n\t\t\t\t\t<h1 class=\"elementor-heading-title elementor-size-default\">Programa de empreendedorismo<\/h1>\t\t\t\t<\/div>\n\t\t\t\t<\/div>\n\t\t\t\t<div class=\"elementor-element elementor-element-30e2697 elementor-widget elementor-widget-spacer\" data-id=\"30e2697\" data-element_type=\"widget\" data-e-type=\"widget\" data-widget_type=\"spacer.default\">\n\t\t\t\t<div class=\"elementor-widget-container\">\n\t\t\t\t\t\t\t<div class=\"elementor-spacer\">\n\t\t\t<div class=\"elementor-spacer-inner\"><\/div>\n\t\t<\/div>\n\t\t\t\t\t\t<\/div>\n\t\t\t\t<\/div>\n\t\t\t\t<div class=\"elementor-element elementor-element-402b0e1 elementor-widget elementor-widget-text-editor\" data-id=\"402b0e1\" data-element_type=\"widget\" data-e-type=\"widget\" data-widget_type=\"text-editor.default\">\n\t\t\t\t<div class=\"elementor-widget-container\">\n\t\t\t\t\t\t\t\t\t<div class=\"elementToProof\">Ao longo da \u00faltima d\u00e9cada, o Programa de Empreendedorismo do TEF tem apoiado os empres\u00e1rios desde o in\u00edcio at\u00e9 ao sucesso, aumentando o seu impacto em todos os 54 pa\u00edses africanos. O programa forneceu capital, forma\u00e7\u00e3o, orienta\u00e7\u00e3o e desenvolveu tamb\u00e9m um quadro s\u00f3lido de monitoriza\u00e7\u00e3o e avalia\u00e7\u00e3o que permite acompanhar o progresso dos seus empres\u00e1rios e medir as suas contribui\u00e7\u00f5es, o que resultou na retirada de mais de 2 milh\u00f5es de africanos da pobreza.<\/div>\t\t\t\t\t\t\t\t<\/div>\n\t\t\t\t<\/div>\n\t\t\t\t<div class=\"elementor-element elementor-element-8796316 elementor-widget elementor-widget-spacer\" data-id=\"8796316\" data-element_type=\"widget\" data-e-type=\"widget\" data-widget_type=\"spacer.default\">\n\t\t\t\t<div class=\"elementor-widget-container\">\n\t\t\t\t\t\t\t<div class=\"elementor-spacer\">\n\t\t\t<div class=\"elementor-spacer-inner\"><\/div>\n\t\t<\/div>\n\t\t\t\t\t\t<\/div>\n\t\t\t\t<\/div>\n\t\t\t\t\t<\/div>\n\t\t<\/div>\n\t\t\t\t\t<\/div>\n\t\t<\/section>\n\t\t\t\t<\/div>","protected":false},"excerpt":{"rendered":"<p>Philanthropy We believe in doing well and doing good. This is the philosophy that drives and guides our investment activities. Heirs Holdings is proud to support the work of The Tony Elumelu Foundation (TEF). Founded in 2010, TEF has pioneered a new approach to philanthropy in Africa. The Foundation\u2019s flagship programme, The Tony Elumelu Foundation &hellip;<\/p>","protected":false},"author":1,"featured_media":0,"parent":0,"menu_order":0,"comment_status":"closed","ping_status":"closed","template":"","meta":{"_exactmetrics_skip_tracking":false,"_exactmetrics_sitenote_active":false,"_exactmetrics_sitenote_note":"","_exactmetrics_sitenote_category":0,"cybocfi_hide_featured_image":"","footnotes":""},"class_list":["post-11","page","type-page","status-publish","hentry"],"_links":{"self":[{"href":"https:\/\/www.heirsholdings.com\/pt\/wp-json\/wp\/v2\/pages\/11","targetHints":{"allow":["GET"]}}],"collection":[{"href":"https:\/\/www.heirsholdings.com\/pt\/wp-json\/wp\/v2\/pages"}],"about":[{"href":"https:\/\/www.heirsholdings.com\/pt\/wp-json\/wp\/v2\/types\/page"}],"author":[{"embeddable":true,"href":"https:\/\/www.heirsholdings.com\/pt\/wp-json\/wp\/v2\/users\/1"}],"replies":[{"embeddable":true,"href":"https:\/\/www.heirsholdings.com\/pt\/wp-json\/wp\/v2\/comments?post=11"}],"version-history":[{"count":157,"href":"https:\/\/www.heirsholdings.com\/pt\/wp-json\/wp\/v2\/pages\/11\/revisions"}],"predecessor-version":[{"id":26400,"href":"https:\/\/www.heirsholdings.com\/pt\/wp-json\/wp\/v2\/pages\/11\/revisions\/26400"}],"wp:attachment":[{"href":"https:\/\/www.heirsholdings.com\/pt\/wp-json\/wp\/v2\/media?parent=11"}],"curies":[{"name":"wp","href":"https:\/\/api.w.org\/{rel}","templated":true}]}}