{"id":26665,"date":"2026-02-18T14:27:58","date_gmt":"2026-02-18T13:27:58","guid":{"rendered":"https:\/\/www.heirsholdings.com\/?page_id=26665"},"modified":"2026-02-20T11:14:51","modified_gmt":"2026-02-20T10:14:51","slug":"faqs","status":"publish","type":"page","link":"https:\/\/www.heirsholdings.com\/fr\/faqs\/","title":{"rendered":"FAQ"},"content":{"rendered":"<div data-elementor-type=\"wp-page\" data-elementor-id=\"26665\" class=\"elementor elementor-26665\" data-elementor-post-type=\"page\">\n\t\t\t\t\t\t<section class=\"elementor-section elementor-top-section elementor-element elementor-element-399848c7 elementor-section-stretched elementor-section-height-min-height elementor-section-items-bottom elementor-section-content-middle inner-header elementor-section-boxed elementor-section-height-default\" data-id=\"399848c7\" data-element_type=\"section\" data-e-type=\"section\" data-settings=\"{&quot;stretch_section&quot;:&quot;section-stretched&quot;,&quot;background_background&quot;:&quot;classic&quot;}\">\n\t\t\t\t\t\t\t<div class=\"elementor-background-overlay\"><\/div>\n\t\t\t\t\t\t\t<div class=\"elementor-container elementor-column-gap-default\">\n\t\t\t\t\t<div class=\"elementor-column elementor-col-100 elementor-top-column elementor-element elementor-element-62389074\" data-id=\"62389074\" data-element_type=\"column\" data-e-type=\"column\">\n\t\t\t<div class=\"elementor-widget-wrap elementor-element-populated\">\n\t\t\t\t\t\t<div class=\"elementor-element elementor-element-72c3eb4a elementor-widget elementor-widget-heading\" data-id=\"72c3eb4a\" data-element_type=\"widget\" data-e-type=\"widget\" data-widget_type=\"heading.default\">\n\t\t\t\t<div class=\"elementor-widget-container\">\n\t\t\t\t\t<h2 class=\"elementor-heading-title elementor-size-default\">FAQ<\/h2>\t\t\t\t<\/div>\n\t\t\t\t<\/div>\n\t\t\t\t\t<\/div>\n\t\t<\/div>\n\t\t\t\t\t<\/div>\n\t\t<\/section>\n\t\t\t\t<section class=\"elementor-section elementor-top-section elementor-element elementor-element-4db66861 elementor-section-stretched elementor-section-boxed elementor-section-height-default elementor-section-height-default elementor-invisible\" data-id=\"4db66861\" data-element_type=\"section\" data-e-type=\"section\" data-settings=\"{&quot;stretch_section&quot;:&quot;section-stretched&quot;,&quot;background_background&quot;:&quot;classic&quot;,&quot;animation&quot;:&quot;fadeInUp&quot;}\">\n\t\t\t\t\t\t<div class=\"elementor-container elementor-column-gap-default\">\n\t\t\t\t\t<div class=\"elementor-column elementor-col-100 elementor-top-column elementor-element elementor-element-564b6b1a\" data-id=\"564b6b1a\" data-element_type=\"column\" data-e-type=\"column\">\n\t\t\t<div class=\"elementor-widget-wrap elementor-element-populated\">\n\t\t\t\t\t\t<div class=\"elementor-element elementor-element-6af58d0a elementor-widget elementor-widget-heading\" data-id=\"6af58d0a\" data-element_type=\"widget\" data-e-type=\"widget\" id=\"hhperson\" data-widget_type=\"heading.default\">\n\t\t\t\t<div class=\"elementor-widget-container\">\n\t\t\t\t\t<h6 class=\"elementor-heading-title elementor-size-default\">Questions fr\u00e9quemment pos\u00e9es<\/h6>\t\t\t\t<\/div>\n\t\t\t\t<\/div>\n\t\t\t\t<div class=\"elementor-element elementor-element-4ea2a627 elementor-widget elementor-widget-heading\" data-id=\"4ea2a627\" data-element_type=\"widget\" data-e-type=\"widget\" data-widget_type=\"heading.default\">\n\t\t\t\t<div class=\"elementor-widget-container\">\n\t\t\t\t\t<h2 class=\"elementor-heading-title elementor-size-default\">En savoir plus sur Heirs Holdings : <br>notre objectif, nos investissements strat\u00e9giques et notre engagement \u00e0 cr\u00e9er des entreprises durables qui favorisent la transformation de l'Afrique.<\/h2>\t\t\t\t<\/div>\n\t\t\t\t<\/div>\n\t\t\t\t\t<\/div>\n\t\t<\/div>\n\t\t\t\t\t<\/div>\n\t\t<\/section>\n\t\t\t\t<section class=\"elementor-section elementor-top-section elementor-element elementor-element-37a9353a elementor-section-stretched elementor-section-boxed elementor-section-height-default elementor-section-height-default elementor-invisible\" data-id=\"37a9353a\" data-element_type=\"section\" data-e-type=\"section\" data-settings=\"{&quot;stretch_section&quot;:&quot;section-stretched&quot;,&quot;background_background&quot;:&quot;classic&quot;,&quot;animation&quot;:&quot;fadeInUp&quot;}\">\n\t\t\t\t\t\t<div class=\"elementor-container elementor-column-gap-default\">\n\t\t\t\t\t<div class=\"elementor-column elementor-col-100 elementor-top-column elementor-element elementor-element-aa2f392\" data-id=\"aa2f392\" data-element_type=\"column\" data-e-type=\"column\">\n\t\t\t<div class=\"elementor-widget-wrap elementor-element-populated\">\n\t\t\t\t\t\t<div class=\"elementor-element elementor-element-faa6919 elementor-hidden-mobile elementor-widget elementor-widget-spacer\" data-id=\"faa6919\" data-element_type=\"widget\" data-e-type=\"widget\" data-widget_type=\"spacer.default\">\n\t\t\t\t<div class=\"elementor-widget-container\">\n\t\t\t\t\t\t\t<div class=\"elementor-spacer\">\n\t\t\t<div class=\"elementor-spacer-inner\"><\/div>\n\t\t<\/div>\n\t\t\t\t\t\t<\/div>\n\t\t\t\t<\/div>\n\t\t\t\t<div class=\"elementor-element elementor-element-f55515f elementor-widget elementor-widget-ucaddon_content_accordion\" data-id=\"f55515f\" data-element_type=\"widget\" data-e-type=\"widget\" data-widget_type=\"ucaddon_content_accordion.default\">\n\t\t\t\t<div class=\"elementor-widget-container\">\n\t\t\t\t\t\n<!-- start Content Accordion -->\n\t\t<link id='font-awesome-css' href='https:\/\/www.heirsholdings.com\/wp-content\/plugins\/unlimited-elements-for-elementor-premium\/assets_libraries\/font-awesome6\/fontawesome-all.min.css' type='text\/css' rel='stylesheet' >\n\t\t<link id='font-awesome-4-shim-css' href='https:\/\/www.heirsholdings.com\/wp-content\/plugins\/unlimited-elements-for-elementor-premium\/assets_libraries\/font-awesome6\/fontawesome-v4-shims.min.css' type='text\/css' rel='stylesheet' >\n\n<style>\/* widget: Content Accordion *\/\n\n\n\n#uc_content_accordion_elementor_f55515f *{\n  box-sizing: border-box;\n}\n\n#uc_content_accordion_elementor_f55515f .ue_heading_title{\n  margin:0;\n  flex-grow:1;\n  display:flex;\n  flex-direction:row;\n}\n\n#uc_content_accordion_elementor_f55515f .uc_container .uc-heading{\n\tdisplay:flex;\n    align-items:center;\n\toverflow:hidden;\n\tcursor:pointer;  \n}\n\n#uc_content_accordion_elementor_f55515f .uc_container .uc_content{\n    display:none;\n}\n\n#uc_content_accordion_elementor_f55515f .uc_container .uc-heading span.ue_accordion_icon{\n\tdisplay:flex;\n    align-items:center;\n   \tjustify-content:center;\n    flex-grow:0;\n    flex-shrink:0;\n}\n\n#uc_content_accordion_elementor_f55515f .uc_ac_box.uc-item-active span.uc_dactive{\n\tdisplay:none;\n}\n\n#uc_content_accordion_elementor_f55515f .uc_ac_box:not(.uc-item-active) span.uc_active{\n\tdisplay:none;\n}\n\n#uc_content_accordion_elementor_f55515f span.ue_accordion_icon svg{\n  height:1em;\n  width:1em;\n}\n\n#uc_content_accordion_elementor_f55515f .uc_container .uc_btn {\n    text-align: center;\n    display: inline-block;\n    text-decoration: none;\n    transition: ease-in-out all 0.25s;\n}\n\n#uc_content_accordion_elementor_f55515f .ue-item-image img{\n  width:100%;\n  display:block;\n  object-fit:cover;\n}\n\n<\/style>\n\n<div class=\"uc_material_accordion\"  id=\"uc_content_accordion_elementor_f55515f\"  data-name=\"\" data-scroll=\"off\" data-offset=\"0\" data-closeothers=\"true\" data-set-hash=\"false\" data-transition-duration=\"400\" >\n  <div class=\"uc_container uc-items-wrapper\">\n    \n\n\t\t\n\n\n<div id=\"#ue-tab1\" class=\"uc_ac_box elementor-repeater-item-9bc0243 uc-item-active\" style=\"background-color:;\">\n  <a href=\"javascript:void(0)\" class=\"uc-heading uc_trigger\" role=\"button\">\n    <span class=\"uc_dactive bbb ue_accordion_icon\"><i class='fas fa-plus'><\/i><\/span> \n    <span class=\"uc_active bbb ue_accordion_icon\"><i class='fas fa-minus'><\/i><\/span>\n    <div class=\"ue_heading_title\">Qui d\u00e9tient Heirs Holdings ?<\/div>\n  <\/a>\n  \n  <div class=\"uc_content\" style='display:block'>\n        \n      \n         \n                        \n      \n              <div class=\"ue-item-text\"><p>Heirs Holdings est une soci\u00e9t\u00e9 d'investissement priv\u00e9e et familiale fond\u00e9e et pr\u00e9sid\u00e9e par Tony O. Elumelu, CFR.\u00a0<\/p><\/div>\n      \n          \n    \t  \n              <a href=\"https:\/\/www.heirsholdings.com\/fr\/a-propos-de-nous\/\" class=\"uc_btn uc_more_btn\" >En savoir plus<\/a>\n                        \n      <\/div> \n<\/div>\n\n\n\n\n\n<div id=\"#ue-tab2\" class=\"uc_ac_box elementor-repeater-item-5252411\" style=\"background-color:;\">\n  <a href=\"javascript:void(0)\" class=\"uc-heading uc_trigger\" role=\"button\">\n    <span class=\"uc_dactive bbb ue_accordion_icon\"><i class='fas fa-plus'><\/i><\/span> \n    <span class=\"uc_active bbb ue_accordion_icon\"><i class='fas fa-minus'><\/i><\/span>\n    <div class=\"ue_heading_title\">Quel est le portefeuille d'investissement de Heirs Holdings ?<\/div>\n  <\/a>\n  \n  <div class=\"uc_content\" >\n        \n      \n         \n                        \n      \n              <div class=\"ue-item-text\"><p>Heirs Holdings investit dans des secteurs strat\u00e9giques qui favorisent la transformation \u00e9conomique en Afrique, notamment la banque, l'assurance et les services financiers, l'\u00e9lectricit\u00e9, l'\u00e9nergie, l'immobilier, l'h\u00f4tellerie, les soins de sant\u00e9 et la technologie.<\/p><\/div>\n      \n          \n    \t  \n              <a href=\"https:\/\/www.heirsholdings.com\/fr\/investissements\/\" class=\"uc_btn uc_more_btn\" >En savoir plus<\/a>\n                        \n      <\/div> \n<\/div>\n\n\n\n\n\n<div id=\"#ue-tab3\" class=\"uc_ac_box elementor-repeater-item-3c80f1e\" style=\"background-color:;\">\n  <a href=\"javascript:void(0)\" class=\"uc-heading uc_trigger\" role=\"button\">\n    <span class=\"uc_dactive bbb ue_accordion_icon\"><i class='fas fa-plus'><\/i><\/span> \n    <span class=\"uc_active bbb ue_accordion_icon\"><i class='fas fa-minus'><\/i><\/span>\n    <div class=\"ue_heading_title\">Qui est le fondateur de Heirs Holdings ?<\/div>\n  <\/a>\n  \n  <div class=\"uc_content\" >\n        \n      \n         \n                        \n      \n              <div class=\"ue-item-text\"><p>Heirs Holdings a \u00e9t\u00e9 fond\u00e9e par Tony O. Elumelu, CFR, un entrepreneur, investisseur et philanthrope africain.\u00a0<\/p><\/div>\n      \n          \n    \t  \n              <a href=\"https:\/\/www.heirsholdings.com\/fr\/a-propos-de-nous\/#leadership\" class=\"uc_btn uc_more_btn\" >En savoir plus<\/a>\n                        \n      <\/div> \n<\/div>\n\n\n\n\n\n<div id=\"#ue-tab4\" class=\"uc_ac_box elementor-repeater-item-7ae990a\" style=\"background-color:;\">\n  <a href=\"javascript:void(0)\" class=\"uc-heading uc_trigger\" role=\"button\">\n    <span class=\"uc_dactive bbb ue_accordion_icon\"><i class='fas fa-plus'><\/i><\/span> \n    <span class=\"uc_active bbb ue_accordion_icon\"><i class='fas fa-minus'><\/i><\/span>\n    <div class=\"ue_heading_title\">Qu'est-ce que l'Africapitalisme ?<\/div>\n  <\/a>\n  \n  <div class=\"uc_content\" >\n        \n      \n         \n                        \n      \n              <div class=\"ue-item-text\"><p>La philosophie d'investissement du groupe Heirs Holdings est guid\u00e9e par l'Africapitalisme - la conviction que le secteur priv\u00e9 doit jouer un r\u00f4le de premier plan dans le d\u00e9veloppement de l'Afrique par le biais d'investissements \u00e0 long terme qui cr\u00e9ent une valeur \u00e9conomique et sociale.<\/p><\/div>\n      \n          \n    \t  \n              <a href=\"https:\/\/www.heirsholdings.com\/fr\/africapitalisme\/\" class=\"uc_btn uc_more_btn\" >En savoir plus<\/a>\n                        \n      <\/div> \n<\/div>\n\n\n\n\n\n<div id=\"#ue-tab5\" class=\"uc_ac_box elementor-repeater-item-e76f537\" style=\"background-color:;\">\n  <a href=\"javascript:void(0)\" class=\"uc-heading uc_trigger\" role=\"button\">\n    <span class=\"uc_dactive bbb ue_accordion_icon\"><i class='fas fa-plus'><\/i><\/span> \n    <span class=\"uc_active bbb ue_accordion_icon\"><i class='fas fa-minus'><\/i><\/span>\n    <div class=\"ue_heading_title\">Quelles sont les soci\u00e9t\u00e9s d'investissement du portefeuille de Heirs Holdings ?<\/div>\n  <\/a>\n  \n  <div class=\"uc_content\" >\n        \n      \n         \n                        \n      \n              <div class=\"ue-item-text\"><p>Les investissements de Heirs Holdings couvrent<\/p><p>\u00a0 - Banque - United Bank for Africa<\/p><p>\u00a0 - Assurance et services financiers - y compris Heirs Insurance Group (Heirs Insurance, Heirs Life Assurance et Heirs Insurance Brokers) Africa Prudential Plc et United Capital Plc<\/p><p>\u00a0 - \u00c9nergie - Transcorp Power Plc et Transafam Power<\/p><p>\u00a0 - \u00c9nergie -Heirs Energies, Transcorp Energy et Tenoil<\/p><p>\u00a0 - Hospitalit\u00e9 et immobilier - Transcorp Hotels Plc et Afriland Properties Plc<\/p><p>\u00a0 - Soins de sant\u00e9 - Avon HMO et Avon Medical Practice<\/p><p>\u00a0 - Technologie - Heirs Technologies et Redtech<\/p><p>Le groupe soutient \u00e9galement l'entrepreneuriat et les initiatives d'impact par l'interm\u00e9diaire de la Fondation Tony Elumelu.<\/p><\/div>\n      \n          \n    \t  \n              <a href=\"https:\/\/www.heirsholdings.com\/fr\/investissements\/\" class=\"uc_btn uc_more_btn\" >En savoir plus<\/a>\n                        \n      <\/div> \n<\/div>\n\n\n\n\n\n<div id=\"#ue-tab6\" class=\"uc_ac_box elementor-repeater-item-0c901cb\" style=\"background-color:;\">\n  <a href=\"javascript:void(0)\" class=\"uc-heading uc_trigger\" role=\"button\">\n    <span class=\"uc_dactive bbb ue_accordion_icon\"><i class='fas fa-plus'><\/i><\/span> \n    <span class=\"uc_active bbb ue_accordion_icon\"><i class='fas fa-minus'><\/i><\/span>\n    <div class=\"ue_heading_title\">UBA fait-elle partie de Heirs Holdings ?<\/div>\n  <\/a>\n  \n  <div class=\"uc_content\" >\n        \n      \n         \n                        \n      \n              <div class=\"ue-item-text\"><p>United Bank for Africa (UBA) est une soci\u00e9t\u00e9 d'investissement de Heirs Holdings. Toutefois, UBA est une institution financi\u00e8re cot\u00e9e en bourse qui op\u00e8re de mani\u00e8re ind\u00e9pendante.<\/p><\/div>\n      \n          \n    \t  \n              <a href=\"https:\/\/www.heirsholdings.com\/fr\/investissements\/#financial\" class=\"uc_btn uc_more_btn\" >En savoir plus<\/a>\n                        \n      <\/div> \n<\/div>\n\n\n\n\n\n<div id=\"#ue-tab7\" class=\"uc_ac_box elementor-repeater-item-cc984ef\" style=\"background-color:;\">\n  <a href=\"javascript:void(0)\" class=\"uc-heading uc_trigger\" role=\"button\">\n    <span class=\"uc_dactive bbb ue_accordion_icon\"><i class='fas fa-plus'><\/i><\/span> \n    <span class=\"uc_active bbb ue_accordion_icon\"><i class='fas fa-minus'><\/i><\/span>\n    <div class=\"ue_heading_title\">Qui est le PDG du groupe Heirs Holdings ?<\/div>\n  <\/a>\n  \n  <div class=\"uc_content\" >\n        \n      \n         \n                        \n      \n              <div class=\"ue-item-text\"><p>Le directeur g\u00e9n\u00e9ral de Heirs Holdings est Emmanuel Nnorom.\u00a0<\/p><\/div>\n      \n          \n    \t  \n              <a href=\"https:\/\/www.heirsholdings.com\/fr\/a-propos-de-nous\/#leadership\" class=\"uc_btn uc_more_btn\" >En savoir plus<\/a>\n                        \n      <\/div> \n<\/div>\n\n\n\n\n\n<div id=\"#ue-tab8\" class=\"uc_ac_box elementor-repeater-item-8c597cd\" style=\"background-color:;\">\n  <a href=\"javascript:void(0)\" class=\"uc-heading uc_trigger\" role=\"button\">\n    <span class=\"uc_dactive bbb ue_accordion_icon\"><i class='fas fa-plus'><\/i><\/span> \n    <span class=\"uc_active bbb ue_accordion_icon\"><i class='fas fa-minus'><\/i><\/span>\n    <div class=\"ue_heading_title\">O\u00f9 se trouve Heirs Holdings ?<\/div>\n  <\/a>\n  \n  <div class=\"uc_content\" >\n        \n      \n         \n                        \n      \n              <div class=\"ue-item-text\"><p>Heirs Holdings a son si\u00e8ge \u00e0 Lagos, au Nigeria, et r\u00e9alise des investissements et des op\u00e9rations dans toute l'Afrique.<\/p><\/div>\n      \n          \n    \t  \n              <a href=\"https:\/\/www.heirsholdings.com\/fr\/contact\/\" class=\"uc_btn uc_more_btn\" >En savoir plus<\/a>\n                        \n      <\/div> \n<\/div>\n\n  <\/div>\n<\/div>\n<!-- end Content Accordion -->\t\t\t\t<\/div>\n\t\t\t\t<\/div>\n\t\t\t\t\t<\/div>\n\t\t<\/div>\n\t\t\t\t\t<\/div>\n\t\t<\/section>\n\t\t\t\t<\/div>","protected":false},"excerpt":{"rendered":"<p>FAQs Frequently asked questions Learn more about Heirs Holdings: our purpose, our strategic investments, and our commitment to building enduring businesses that drive Africa\u2019s transformation. Who owns Heirs Holdings? Heirs Holdings is a private, family-owned investment company founded and chaired by Tony O. Elumelu, CFR.\u00a0 Learn More What is Heirs Holdings&#8217; investment portfolio? Heirs Holdings &hellip;<\/p>","protected":false},"author":17,"featured_media":0,"parent":0,"menu_order":0,"comment_status":"closed","ping_status":"closed","template":"","meta":{"_exactmetrics_skip_tracking":false,"_exactmetrics_sitenote_active":false,"_exactmetrics_sitenote_note":"","_exactmetrics_sitenote_category":0,"cybocfi_hide_featured_image":"","footnotes":""},"class_list":["post-26665","page","type-page","status-publish","hentry"],"_links":{"self":[{"href":"https:\/\/www.heirsholdings.com\/fr\/wp-json\/wp\/v2\/pages\/26665","targetHints":{"allow":["GET"]}}],"collection":[{"href":"https:\/\/www.heirsholdings.com\/fr\/wp-json\/wp\/v2\/pages"}],"about":[{"href":"https:\/\/www.heirsholdings.com\/fr\/wp-json\/wp\/v2\/types\/page"}],"author":[{"embeddable":true,"href":"https:\/\/www.heirsholdings.com\/fr\/wp-json\/wp\/v2\/users\/17"}],"replies":[{"embeddable":true,"href":"https:\/\/www.heirsholdings.com\/fr\/wp-json\/wp\/v2\/comments?post=26665"}],"version-history":[{"count":41,"href":"https:\/\/www.heirsholdings.com\/fr\/wp-json\/wp\/v2\/pages\/26665\/revisions"}],"predecessor-version":[{"id":26742,"href":"https:\/\/www.heirsholdings.com\/fr\/wp-json\/wp\/v2\/pages\/26665\/revisions\/26742"}],"wp:attachment":[{"href":"https:\/\/www.heirsholdings.com\/fr\/wp-json\/wp\/v2\/media?parent=26665"}],"curies":[{"name":"wp","href":"https:\/\/api.w.org\/{rel}","templated":true}]}}